{"id":1292,"date":"2023-01-09T17:19:40","date_gmt":"2023-01-09T17:19:40","guid":{"rendered":"https:\/\/www.fiem.org.ar\/v2\/?page_id=1292"},"modified":"2023-01-11T14:01:55","modified_gmt":"2023-01-11T14:01:55","slug":"huella-de-carbono-verificada","status":"publish","type":"page","link":"https:\/\/www.fiem.org.ar\/v2\/huella-de-carbono-verificada\/","title":{"rendered":"HUELLA DE CARBONO"},"content":{"rendered":"<p><a href=\"http:\/\/www.fiem.org.ar\/v2\/wp-content\/uploads\/2023\/01\/LOGO-FIEM-2020.png\"><img loading=\"lazy\" decoding=\"async\" class=\"alignnone  wp-image-1303\" src=\"http:\/\/www.fiem.org.ar\/v2\/wp-content\/uploads\/2023\/01\/LOGO-FIEM-2020-300x157.png\" alt=\"\" width=\"209\" height=\"109\" srcset=\"https:\/\/www.fiem.org.ar\/v2\/wp-content\/uploads\/2023\/01\/LOGO-FIEM-2020-300x157.png 300w, https:\/\/www.fiem.org.ar\/v2\/wp-content\/uploads\/2023\/01\/LOGO-FIEM-2020-125x65.png 125w, https:\/\/www.fiem.org.ar\/v2\/wp-content\/uploads\/2023\/01\/LOGO-FIEM-2020.png 386w\" sizes=\"auto, (max-width: 209px) 100vw, 209px\" \/><\/a><a href=\"http:\/\/www.fiem.org.ar\/v2\/wp-content\/uploads\/2023\/01\/huella-de-carbono.jpeg\"><img loading=\"lazy\" decoding=\"async\" class=\" wp-image-1309 alignright\" src=\"http:\/\/www.fiem.org.ar\/v2\/wp-content\/uploads\/2023\/01\/huella-de-carbono-300x140.jpeg\" alt=\"\" width=\"245\" height=\"114\" srcset=\"https:\/\/www.fiem.org.ar\/v2\/wp-content\/uploads\/2023\/01\/huella-de-carbono-300x140.jpeg 300w, https:\/\/www.fiem.org.ar\/v2\/wp-content\/uploads\/2023\/01\/huella-de-carbono-125x58.jpeg 125w, https:\/\/www.fiem.org.ar\/v2\/wp-content\/uploads\/2023\/01\/huella-de-carbono-615x287.jpeg 615w, https:\/\/www.fiem.org.ar\/v2\/wp-content\/uploads\/2023\/01\/huella-de-carbono.jpeg 738w\" sizes=\"auto, (max-width: 245px) 100vw, 245px\" \/><\/a><\/p>\n<p>La huella de carbono es un indicador ambiental que pretende reflejar la totalidad de gases de efecto invernadero (GEI) emitidos por efecto directo o indirecto de un individuo, organizaci\u00f3n, evento o producto.<\/p>\n<p>El mundo de las organizaciones empresariales siempre ha sido el m\u00e1s se\u00f1alado como principal causante del efecto invernadero y, por ese motivo, son cada vez m\u00e1s las organizaciones que se ponen a la cabeza de la sostenibilidad y reducen la energ\u00eda que utilizan proveniente de la combusti\u00f3n de combustibles f\u00f3siles. Esto se debe a la creciente toma de conciencia de la importancia de administrar las fuentes de energ\u00eda y de las consecuencias que esto puede conllevar.<\/p>\n<p>Si bien es muy importante la toma de conciencia hacia un planeta m\u00e1s limpio, con seguridad la medici\u00f3n de la HDC y su consiguiente plan de acci\u00f3n para reducirla, ser\u00e1n necesarias para el crecimiento sostenible de una empresa convirti\u00e9ndose en ventajas competitivas. Por ejemplo, en los procesos de exportaciones, en breve la HDC ser\u00e1 tomada como barrera paraarancelaria.<\/p>\n<p>En FIEM constitu\u00edmos un equipo especializado en Cambio Clim\u00e1tico, y acompa\u00f1amos a las organizaciones a desarrollar e implementar su Plan de Acci\u00f3n orientado a reducir su impacto en el cambio clim\u00e1tico.<\/p>\n<p><strong>ACCIONES A DESARROLLAR:<\/strong><\/p>\n<p><strong>\u00a0<\/strong><strong>Primera Etapa:\u00a0 MEDIR LA HUELLA DE CARBONO<\/strong>, aplicando metodolog\u00edas internacionales.<\/p>\n<p>Tal impacto ambiental es medido llevando a cabo un inventario de emisiones de GEI o un an\u00e1lisis de ciclo de vida seg\u00fan la tipolog\u00eda de huella, siguiendo normativas internacionales reconocidas, tales como ISO 14064, ISO 14069, ISO 14067, PAS 2050 o GHG Protocol entre otras. La huella de carbono se mide en masa de CO2 equivalente (m\u00e1s espec\u00edficamente toneladas de CO2 equivalentes). Una vez conocido el tama\u00f1o y la huella, es posible implementar una estrategia de reducci\u00f3n y\/o compensaci\u00f3n de emisiones, a trav\u00e9s de diferentes programas, p\u00fablicos o privados.<\/p>\n<p><strong>\u00a0<\/strong><strong>Segunda Etapa: HUELLA DE CARBONO VERIFICADA<\/strong><\/p>\n<p>La organizaci\u00f3n puede decidir agregar valor a su inventario \u200b, acompa\u00f1ando al proceso de medici\u00f3n la obtenci\u00f3n del Sello Verificador.<\/p>\n<p>\u200bEste proceso de verificaci\u00f3n por una tercera parte calificada suma transparencia, credibilidad y claridad a la Huella de Carbono de su organizaci\u00f3n.<\/p>\n<p><strong>Tercera Etapa: PLAN DE ACCI\u00d3N<\/strong> para disminuir la HDC<\/p>\n<p>Se trabaja junto a los referentes de la organizaci\u00f3n,considerando los recursos de la misma.<\/p>\n<p>Se definen acciones concretas anuales, con metas basadas en la informaci\u00f3n, con indicadores peri\u00f3dicos que permitir\u00e1n realizar un seguimiento, para determinar qu\u00e9 tan cerca o lejos se est\u00e1 de las metas fijadas, permitiendo tomar acciones correctivas a tiempo.<\/p>\n<p><strong>Cuarta Etapa:\u00a0 COMPENSACI\u00d3N <\/strong><\/p>\n<p>La compensaci\u00f3n de la huella de carbono consiste en neutralizar la cantidad de emisiones de CO2 que emite una persona, empresa, organizaci\u00f3n, producto o servicio cuando se desarrolla una actividad, invirtiendo en un proyecto ambiental.<\/p>\n<p>Contamos con una cartera de <strong>bonos verdes<\/strong> espec\u00edfica para cada organizaci\u00f3n. Talleres de sensibilizaci\u00f3n y workshops. Implementaci\u00f3n de proyectos de gesti\u00f3n energ\u00e9tica.<\/p>\n","protected":false},"excerpt":{"rendered":"<p>La huella de carbono es un indicador ambiental que pretende reflejar la totalidad de gases&#8230;<\/p>\n","protected":false},"author":2,"featured_media":0,"parent":0,"menu_order":0,"comment_status":"closed","ping_status":"closed","template":"","meta":{"footnotes":""},"class_list":["post-1292","page","type-page","status-publish","hentry"],"_links":{"self":[{"href":"https:\/\/www.fiem.org.ar\/v2\/wp-json\/wp\/v2\/pages\/1292","targetHints":{"allow":["GET"]}}],"collection":[{"href":"https:\/\/www.fiem.org.ar\/v2\/wp-json\/wp\/v2\/pages"}],"about":[{"href":"https:\/\/www.fiem.org.ar\/v2\/wp-json\/wp\/v2\/types\/page"}],"author":[{"embeddable":true,"href":"https:\/\/www.fiem.org.ar\/v2\/wp-json\/wp\/v2\/users\/2"}],"replies":[{"embeddable":true,"href":"https:\/\/www.fiem.org.ar\/v2\/wp-json\/wp\/v2\/comments?post=1292"}],"version-history":[{"count":8,"href":"https:\/\/www.fiem.org.ar\/v2\/wp-json\/wp\/v2\/pages\/1292\/revisions"}],"predecessor-version":[{"id":1313,"href":"https:\/\/www.fiem.org.ar\/v2\/wp-json\/wp\/v2\/pages\/1292\/revisions\/1313"}],"wp:attachment":[{"href":"https:\/\/www.fiem.org.ar\/v2\/wp-json\/wp\/v2\/media?parent=1292"}],"curies":[{"name":"wp","href":"https:\/\/api.w.org\/{rel}","templated":true}]}}